{"id":15,"date":"2022-05-20T13:32:16","date_gmt":"2022-05-20T13:32:16","guid":{"rendered":"https:\/\/jgrepresentaciones.com.co\/home\/?page_id=15"},"modified":"2022-06-03T18:40:59","modified_gmt":"2022-06-03T18:40:59","slug":"casos-de-exito","status":"publish","type":"page","link":"https:\/\/jgrepresentaciones.com.co\/home\/index.php\/casos-de-exito\/","title":{"rendered":"CASOS DE \u00c9XITO"},"content":{"rendered":"\t\t<div data-elementor-type=\"wp-page\" data-elementor-id=\"15\" class=\"elementor elementor-15\">\n\t\t\t\t\t\t\t\t\t<section class=\"elementor-section elementor-top-section elementor-element elementor-element-88abb9d elementor-section-full_width elementor-section-stretched elementor-section-height-default elementor-section-height-default\" data-id=\"88abb9d\" data-element_type=\"section\" data-settings=\"{&quot;stretch_section&quot;:&quot;section-stretched&quot;,&quot;background_background&quot;:&quot;slideshow&quot;,&quot;background_slideshow_gallery&quot;:[{&quot;id&quot;:348,&quot;url&quot;:&quot;https:\\\/\\\/jgrepresentaciones.com.co\\\/home\\\/wp-content\\\/uploads\\\/2022\\\/05\\\/Ituango-scaled.jpeg&quot;}],&quot;background_slideshow_ken_burns&quot;:&quot;yes&quot;,&quot;background_slideshow_loop&quot;:&quot;yes&quot;,&quot;background_slideshow_slide_duration&quot;:5000,&quot;background_slideshow_slide_transition&quot;:&quot;fade&quot;,&quot;background_slideshow_transition_duration&quot;:500,&quot;background_slideshow_ken_burns_zoom_direction&quot;:&quot;in&quot;}\">\n\t\t\t\t\t\t<div class=\"elementor-container elementor-column-gap-default\">\n\t\t\t\t\t<div class=\"elementor-column elementor-col-100 elementor-top-column elementor-element elementor-element-256bbce\" data-id=\"256bbce\" data-element_type=\"column\">\n\t\t\t<div class=\"elementor-widget-wrap elementor-element-populated\">\n\t\t\t\t\t\t\t\t<div class=\"elementor-element elementor-element-42e2519 elementor-widget elementor-widget-heading\" data-id=\"42e2519\" data-element_type=\"widget\" data-widget_type=\"heading.default\">\n\t\t\t\t<div class=\"elementor-widget-container\">\n\t\t\t<style>\/*! elementor - v3.6.5 - 27-04-2022 *\/\n.elementor-heading-title{padding:0;margin:0;line-height:1}.elementor-widget-heading .elementor-heading-title[class*=elementor-size-]>a{color:inherit;font-size:inherit;line-height:inherit}.elementor-widget-heading .elementor-heading-title.elementor-size-small{font-size:15px}.elementor-widget-heading .elementor-heading-title.elementor-size-medium{font-size:19px}.elementor-widget-heading .elementor-heading-title.elementor-size-large{font-size:29px}.elementor-widget-heading .elementor-heading-title.elementor-size-xl{font-size:39px}.elementor-widget-heading .elementor-heading-title.elementor-size-xxl{font-size:59px}<\/style><h2 class=\"elementor-heading-title elementor-size-default\">- PROYECTOS EN LOS QUE HEMOS PARTICIPADO -<\/h2>\t\t<\/div>\n\t\t\t\t<\/div>\n\t\t\t\t\t<\/div>\n\t\t<\/div>\n\t\t\t\t\t\t\t<\/div>\n\t\t<\/section>\n\t\t\t\t<section class=\"elementor-section elementor-top-section elementor-element elementor-element-bf867f6 elementor-section-boxed elementor-section-height-default elementor-section-height-default\" data-id=\"bf867f6\" data-element_type=\"section\">\n\t\t\t\t\t\t<div class=\"elementor-container elementor-column-gap-default\">\n\t\t\t\t\t<div class=\"elementor-column elementor-col-100 elementor-top-column elementor-element elementor-element-8b4d031\" data-id=\"8b4d031\" data-element_type=\"column\">\n\t\t\t<div class=\"elementor-widget-wrap elementor-element-populated\">\n\t\t\t\t\t\t\t\t<div class=\"elementor-element elementor-element-961c994 elementor-widget elementor-widget-text-editor\" data-id=\"961c994\" data-element_type=\"widget\" data-widget_type=\"text-editor.default\">\n\t\t\t\t<div class=\"elementor-widget-container\">\n\t\t\t<style>\/*! elementor - v3.6.5 - 27-04-2022 *\/\n.elementor-widget-text-editor.elementor-drop-cap-view-stacked .elementor-drop-cap{background-color:#818a91;color:#fff}.elementor-widget-text-editor.elementor-drop-cap-view-framed .elementor-drop-cap{color:#818a91;border:3px solid;background-color:transparent}.elementor-widget-text-editor:not(.elementor-drop-cap-view-default) .elementor-drop-cap{margin-top:8px}.elementor-widget-text-editor:not(.elementor-drop-cap-view-default) .elementor-drop-cap-letter{width:1em;height:1em}.elementor-widget-text-editor .elementor-drop-cap{float:left;text-align:center;line-height:1;font-size:50px}.elementor-widget-text-editor .elementor-drop-cap-letter{display:inline-block}<\/style>\t\t\t\t<p>Hemos participado en los proyectos m\u00e1s grandes del pa\u00eds en obra civil, hidroel\u00e9ctricas y miner\u00eda, acompa\u00f1ando a nuestros clientes en el desarrollo, ejecuci\u00f3n y finalizaci\u00f3n de los mismos, creando relaciones a largo plazo con calidad y servicio.<\/p>\t\t\t\t\t\t<\/div>\n\t\t\t\t<\/div>\n\t\t\t\t<div class=\"elementor-element elementor-element-573e89f elementor-widget elementor-widget-eael-image-accordion\" data-id=\"573e89f\" data-element_type=\"widget\" data-widget_type=\"eael-image-accordion.default\">\n\t\t\t\t<div class=\"elementor-widget-container\">\n\t\t\t    <div class=\"eael-img-accordion accordion-direction-horizontal eael-img-accordion-horizontal-align-center eael-img-accordion-vertical-align-center\" id=\"eael-img-accordion-573e89f\" data-img-accordion-id=\"573e89f\" data-img-accordion-type=\"on-hover\">\n                    \n            <a href=\"https:\/\/jgrepresentaciones.com.co\/home\/index.php\/obra-civil\/\" class=\"eael-image-accordion-hover\" style=\"background-image: url(https:\/\/jgrepresentaciones.com.co\/home\/wp-content\/uploads\/2022\/05\/TOYO.jpg);\"  tabindex=\"0\">\n            <div class=\"overlay\">\n                <div class=\"overlay-inner\">\n                    <div class=\"overlay-inner \">\n                        <h2 class=\"img-accordion-title\">Proyectos de Obra Civil<\/h2>                        <p><p>Contribuimos en el mejoramiento de la movilidad de los colombianos.<\/p><\/p>\n                    <\/div>\n                <\/div>\n            <\/div>\n            <\/a>\n                    \n            <a href=\"https:\/\/jgrepresentaciones.com.co\/home\/index.php\/proyectos-hidroeletricos\/\" class=\"eael-image-accordion-hover\" style=\"background-image: url(https:\/\/jgrepresentaciones.com.co\/home\/wp-content\/uploads\/2022\/05\/PORCE.jpg);\"  tabindex=\"1\">\n            <div class=\"overlay\">\n                <div class=\"overlay-inner\">\n                    <div class=\"overlay-inner \">\n                        <h2 class=\"img-accordion-title\">Proyectos Hidroel\u00e9ctricos<\/h2>                        <p><p>Proyectos de importante impacto en la generaci\u00f3n de energ\u00eda de Colombia.<\/p><\/p>\n                    <\/div>\n                <\/div>\n            <\/div>\n            <\/a>\n                    \n            <a href=\"https:\/\/jgrepresentaciones.com.co\/home\/index.php\/proyectos-de-mineria\/\" class=\"eael-image-accordion-hover\" style=\"background-image: url(https:\/\/jgrepresentaciones.com.co\/home\/wp-content\/uploads\/2022\/05\/NECHI.jpg);\"  tabindex=\"2\">\n            <div class=\"overlay\">\n                <div class=\"overlay-inner\">\n                    <div class=\"overlay-inner \">\n                        <h2 class=\"img-accordion-title\">Proyectos de Miner\u00eda<\/h2>                        <p><p>Colaboramos en la b\u00fasqueda de grandes tesoros para Colombia.<\/p><\/p>\n                    <\/div>\n                <\/div>\n            <\/div>\n            <\/a>\n                <\/div>\n        <style typr=\"text\/css\">\n                    #eael-img-accordion-573e89f .eael-image-accordion-hover:hover {\n                        flex: 3 1 0% !important;\n                    }\n                    #eael-img-accordion-573e89f .eael-image-accordion-hover:hover:hover .overlay-inner * {\n                        opacity: 1;\n                        visibility: visible;\n                        transform: none;\n                        transition: all .3s .3s;\n                    }\n                <\/style>\t\t<\/div>\n\t\t\t\t<\/div>\n\t\t\t\t\t<\/div>\n\t\t<\/div>\n\t\t\t\t\t\t\t<\/div>\n\t\t<\/section>\n\t\t\t\t\t\t\t<\/div>\n\t\t","protected":false},"excerpt":{"rendered":"<p>&#8211; PROYECTOS EN LOS QUE HEMOS PARTICIPADO &#8211; Hemos participado en los proyectos m\u00e1s grandes del pa\u00eds en obra civil, hidroel\u00e9ctricas y miner\u00eda, acompa\u00f1ando a nuestros clientes en el desarrollo, ejecuci\u00f3n y finalizaci\u00f3n de los mismos, creando relaciones a largo plazo con calidad y servicio. Proyectos de Obra Civil Contribuimos en el mejoramiento de la [&hellip;]<\/p>\n","protected":false},"author":1,"featured_media":0,"parent":0,"menu_order":0,"comment_status":"closed","ping_status":"closed","template":"","meta":{"footnotes":""},"class_list":["post-15","page","type-page","status-publish","hentry","entry","owp-thumbs-layout-horizontal","owp-btn-normal","owp-tabs-layout-section","has-no-thumbnails","has-product-nav"],"_links":{"self":[{"href":"https:\/\/jgrepresentaciones.com.co\/home\/index.php\/wp-json\/wp\/v2\/pages\/15","targetHints":{"allow":["GET"]}}],"collection":[{"href":"https:\/\/jgrepresentaciones.com.co\/home\/index.php\/wp-json\/wp\/v2\/pages"}],"about":[{"href":"https:\/\/jgrepresentaciones.com.co\/home\/index.php\/wp-json\/wp\/v2\/types\/page"}],"author":[{"embeddable":true,"href":"https:\/\/jgrepresentaciones.com.co\/home\/index.php\/wp-json\/wp\/v2\/users\/1"}],"replies":[{"embeddable":true,"href":"https:\/\/jgrepresentaciones.com.co\/home\/index.php\/wp-json\/wp\/v2\/comments?post=15"}],"version-history":[{"count":31,"href":"https:\/\/jgrepresentaciones.com.co\/home\/index.php\/wp-json\/wp\/v2\/pages\/15\/revisions"}],"predecessor-version":[{"id":976,"href":"https:\/\/jgrepresentaciones.com.co\/home\/index.php\/wp-json\/wp\/v2\/pages\/15\/revisions\/976"}],"wp:attachment":[{"href":"https:\/\/jgrepresentaciones.com.co\/home\/index.php\/wp-json\/wp\/v2\/media?parent=15"}],"curies":[{"name":"wp","href":"https:\/\/api.w.org\/{rel}","templated":true}]}}