{"id":2,"date":"2022-05-20T13:04:23","date_gmt":"2022-05-20T13:04:23","guid":{"rendered":"https:\/\/jgrepresentaciones.com.co\/home\/?page_id=2"},"modified":"2022-06-10T16:47:41","modified_gmt":"2022-06-10T21:47:41","slug":"sample-page","status":"publish","type":"page","link":"https:\/\/jgrepresentaciones.com.co\/home\/","title":{"rendered":"INICIO"},"content":{"rendered":"\t\t<div data-elementor-type=\"wp-page\" data-elementor-id=\"2\" class=\"elementor elementor-2\">\n\t\t\t\t\t\t\t\t\t<section class=\"elementor-section elementor-top-section elementor-element elementor-element-0cb1c4a elementor-section-full_width elementor-section-stretched elementor-section-height-default elementor-section-height-default elementor-invisible\" data-id=\"0cb1c4a\" data-element_type=\"section\" data-settings=\"{&quot;stretch_section&quot;:&quot;section-stretched&quot;,&quot;background_background&quot;:&quot;slideshow&quot;,&quot;background_slideshow_gallery&quot;:[{&quot;id&quot;:1566,&quot;url&quot;:&quot;https:\\\/\\\/jgrepresentaciones.com.co\\\/home\\\/wp-content\\\/uploads\\\/2022\\\/06\\\/WhatsApp-Image-2022-05-18-at-6.09.05-PM.jpeg&quot;},{&quot;id&quot;:86,&quot;url&quot;:&quot;https:\\\/\\\/jgrepresentaciones.com.co\\\/home\\\/wp-content\\\/uploads\\\/2022\\\/05\\\/1.png&quot;},{&quot;id&quot;:1565,&quot;url&quot;:&quot;https:\\\/\\\/jgrepresentaciones.com.co\\\/home\\\/wp-content\\\/uploads\\\/2022\\\/06\\\/WhatsApp-Image-2022-05-18-at-5.17.56-PM-1.jpeg&quot;},{&quot;id&quot;:326,&quot;url&quot;:&quot;https:\\\/\\\/jgrepresentaciones.com.co\\\/home\\\/wp-content\\\/uploads\\\/2022\\\/05\\\/1_Mesa-de-trabajo-1-copia-3-1-scaled.jpg&quot;}],&quot;background_slideshow_ken_burns&quot;:&quot;yes&quot;,&quot;animation&quot;:&quot;fadeIn&quot;,&quot;background_slideshow_loop&quot;:&quot;yes&quot;,&quot;background_slideshow_slide_duration&quot;:5000,&quot;background_slideshow_slide_transition&quot;:&quot;fade&quot;,&quot;background_slideshow_transition_duration&quot;:500,&quot;background_slideshow_ken_burns_zoom_direction&quot;:&quot;in&quot;}\">\n\t\t\t\t\t\t<div class=\"elementor-container elementor-column-gap-no\">\n\t\t\t\t\t<div class=\"elementor-column elementor-col-100 elementor-top-column elementor-element elementor-element-271dcf6\" data-id=\"271dcf6\" data-element_type=\"column\">\n\t\t\t<div class=\"elementor-widget-wrap elementor-element-populated\">\n\t\t\t\t\t\t\t\t<div class=\"elementor-element elementor-element-cb0abf7 elementor-widget elementor-widget-eael-fancy-text\" data-id=\"cb0abf7\" data-element_type=\"widget\" data-widget_type=\"eael-fancy-text.default\">\n\t\t\t\t<div class=\"elementor-widget-container\">\n\t\t\t\n\t<div  class=\"eael-fancy-text-container style-1\" data-fancy-text-id=\"cb0abf7\" data-fancy-text=\"|Sue\u00f1os|Metas|Proyectos\" data-fancy-text-transition-type=\"typing\" data-fancy-text-speed=\"50\" data-fancy-text-delay=\"2500\" data-fancy-text-cursor=\"yes\" data-fancy-text-loop=\"yes\" >\n\t\t\t\t\t<span class=\"eael-fancy-text-prefix\">Facilitamos el cumplimiento de <\/span>\n\t\t\n\t\t\n\t\t\t\t\t<span id=\"eael-fancy-text-cb0abf7\" class=\"eael-fancy-text-strings solid-color\">\n\t\t\t\t<noscript>\n\t\t\t\t\tSue\u00f1os, Metas, Proyectos\t\t\t\t<\/noscript>\n\t\t\t<\/span>\n\t\t\n\t\t\t\t\t<span class=\"eael-fancy-text-suffix\"> para Colombia<\/span>\n\t\t\t<\/div><!-- close .eael-fancy-text-container -->\n\n\t<div class=\"clearfix\"><\/div>\n\n\t\t\t<\/div>\n\t\t\t\t<\/div>\n\t\t\t\t\t<\/div>\n\t\t<\/div>\n\t\t\t\t\t\t\t<\/div>\n\t\t<\/section>\n\t\t\t\t<section class=\"elementor-section elementor-top-section elementor-element elementor-element-9434f82 elementor-section-stretched elementor-section-boxed elementor-section-height-default elementor-section-height-default\" data-id=\"9434f82\" data-element_type=\"section\" data-settings=\"{&quot;stretch_section&quot;:&quot;section-stretched&quot;,&quot;background_background&quot;:&quot;classic&quot;}\">\n\t\t\t\t\t\t<div class=\"elementor-container elementor-column-gap-default\">\n\t\t\t\t\t<div class=\"elementor-column elementor-col-100 elementor-top-column elementor-element elementor-element-691fd07\" data-id=\"691fd07\" data-element_type=\"column\">\n\t\t\t<div class=\"elementor-widget-wrap elementor-element-populated\">\n\t\t\t\t\t\t\t\t<div class=\"elementor-element elementor-element-e2b9ad4 elementor-widget elementor-widget-heading\" data-id=\"e2b9ad4\" data-element_type=\"widget\" data-widget_type=\"heading.default\">\n\t\t\t\t<div class=\"elementor-widget-container\">\n\t\t\t<style>\/*! elementor - v3.6.5 - 27-04-2022 *\/\n.elementor-heading-title{padding:0;margin:0;line-height:1}.elementor-widget-heading .elementor-heading-title[class*=elementor-size-]>a{color:inherit;font-size:inherit;line-height:inherit}.elementor-widget-heading .elementor-heading-title.elementor-size-small{font-size:15px}.elementor-widget-heading .elementor-heading-title.elementor-size-medium{font-size:19px}.elementor-widget-heading .elementor-heading-title.elementor-size-large{font-size:29px}.elementor-widget-heading .elementor-heading-title.elementor-size-xl{font-size:39px}.elementor-widget-heading .elementor-heading-title.elementor-size-xxl{font-size:59px}<\/style><h2 class=\"elementor-heading-title elementor-size-default\">- SOMOS -<\/h2>\t\t<\/div>\n\t\t\t\t<\/div>\n\t\t\t\t<div class=\"elementor-element elementor-element-137e266 elementor-widget elementor-widget-text-editor\" data-id=\"137e266\" data-element_type=\"widget\" data-widget_type=\"text-editor.default\">\n\t\t\t\t<div class=\"elementor-widget-container\">\n\t\t\t<style>\/*! elementor - v3.6.5 - 27-04-2022 *\/\n.elementor-widget-text-editor.elementor-drop-cap-view-stacked .elementor-drop-cap{background-color:#818a91;color:#fff}.elementor-widget-text-editor.elementor-drop-cap-view-framed .elementor-drop-cap{color:#818a91;border:3px solid;background-color:transparent}.elementor-widget-text-editor:not(.elementor-drop-cap-view-default) .elementor-drop-cap{margin-top:8px}.elementor-widget-text-editor:not(.elementor-drop-cap-view-default) .elementor-drop-cap-letter{width:1em;height:1em}.elementor-widget-text-editor .elementor-drop-cap{float:left;text-align:center;line-height:1;font-size:50px}.elementor-widget-text-editor .elementor-drop-cap-letter{display:inline-block}<\/style>\t\t\t\t<p>Una compa\u00f1\u00eda con m\u00e1s de 15 a\u00f1os de trayectoria en el mercado, dedicada a brindar asesor\u00eda, soporte t\u00e9cnico y suministro de insumos y equipos para la industria minera y obras civiles. Somos representantes y distribuidores de compa\u00f1\u00edas extranjeras que por su experiencia en la participaci\u00f3n de proyectos en otros pa\u00edses, nos aportan conocimiento y tecnolog\u00eda, lo cual se ve reflejado en la calidad de sus productos.<\/p>\t\t\t\t\t\t<\/div>\n\t\t\t\t<\/div>\n\t\t\t\t\t<\/div>\n\t\t<\/div>\n\t\t\t\t\t\t\t<\/div>\n\t\t<\/section>\n\t\t\t\t<section class=\"elementor-section elementor-top-section elementor-element elementor-element-bf22d19 elementor-section-stretched elementor-section-boxed elementor-section-height-default elementor-section-height-default\" data-id=\"bf22d19\" data-element_type=\"section\" data-settings=\"{&quot;stretch_section&quot;:&quot;section-stretched&quot;}\">\n\t\t\t\t\t\t<div class=\"elementor-container elementor-column-gap-default\">\n\t\t\t\t\t<div class=\"elementor-column elementor-col-100 elementor-top-column elementor-element elementor-element-e6390c4\" data-id=\"e6390c4\" data-element_type=\"column\">\n\t\t\t<div class=\"elementor-widget-wrap elementor-element-populated\">\n\t\t\t\t\t\t\t\t<div class=\"elementor-element elementor-element-c4d43e9 elementor-widget elementor-widget-heading\" data-id=\"c4d43e9\" data-element_type=\"widget\" data-widget_type=\"heading.default\">\n\t\t\t\t<div class=\"elementor-widget-container\">\n\t\t\t<h4 class=\"elementor-heading-title elementor-size-default\">- REPRESENTAMOS MARCAS DE PRIMER NIVEL -<\/h4>\t\t<\/div>\n\t\t\t\t<\/div>\n\t\t\t\t\t<\/div>\n\t\t<\/div>\n\t\t\t\t\t\t\t<\/div>\n\t\t<\/section>\n\t\t\t\t<section class=\"elementor-section elementor-top-section elementor-element elementor-element-69961e4 elementor-section-full_width elementor-section-stretched elementor-section-height-default elementor-section-height-default\" data-id=\"69961e4\" data-element_type=\"section\" data-settings=\"{&quot;stretch_section&quot;:&quot;section-stretched&quot;}\">\n\t\t\t\t\t\t<div class=\"elementor-container elementor-column-gap-default\">\n\t\t\t\t\t<div class=\"elementor-column elementor-col-100 elementor-top-column elementor-element elementor-element-67b9ad1\" data-id=\"67b9ad1\" data-element_type=\"column\">\n\t\t\t<div class=\"elementor-widget-wrap elementor-element-populated\">\n\t\t\t\t\t\t\t\t<div class=\"elementor-element elementor-element-b5222ba elementor-arrows-position-inside elementor-pagination-position-outside elementor-widget elementor-widget-image-carousel\" data-id=\"b5222ba\" data-element_type=\"widget\" data-settings=\"{&quot;slides_to_show&quot;:&quot;5&quot;,&quot;slides_to_scroll&quot;:&quot;1&quot;,&quot;autoplay_speed&quot;:500,&quot;speed&quot;:700,&quot;slides_to_show_mobile&quot;:&quot;2&quot;,&quot;slides_to_scroll_mobile&quot;:&quot;1&quot;,&quot;navigation&quot;:&quot;both&quot;,&quot;autoplay&quot;:&quot;yes&quot;,&quot;pause_on_hover&quot;:&quot;yes&quot;,&quot;pause_on_interaction&quot;:&quot;yes&quot;,&quot;infinite&quot;:&quot;yes&quot;}\" data-widget_type=\"image-carousel.default\">\n\t\t\t\t<div class=\"elementor-widget-container\">\n\t\t\t<style>\/*! elementor - v3.6.5 - 27-04-2022 *\/\n.elementor-widget-image-carousel .swiper-container{position:static}.elementor-widget-image-carousel .swiper-container .swiper-slide figure{line-height:inherit}.elementor-widget-image-carousel .swiper-slide{text-align:center}.elementor-image-carousel-wrapper:not(.swiper-container-initialized) .swiper-slide{max-width:calc(100% \/ var(--e-image-carousel-slides-to-show, 3))}<\/style>\t\t<div class=\"elementor-image-carousel-wrapper swiper-container\" dir=\"ltr\">\n\t\t\t<div class=\"elementor-image-carousel swiper-wrapper\">\n\t\t\t\t\t\t\t\t<div class=\"swiper-slide\"><figure class=\"swiper-slide-inner\"><img decoding=\"async\" class=\"swiper-slide-image\" src=\"https:\/\/jgrepresentaciones.com.co\/home\/wp-content\/uploads\/2022\/05\/Maqueta-de-Diseno-Web_-copia-4-150x150.png\" alt=\"Maqueta de Dise\u00f1o Web_ copia 4\" \/><\/figure><\/div><div class=\"swiper-slide\"><figure class=\"swiper-slide-inner\"><img decoding=\"async\" class=\"swiper-slide-image\" src=\"https:\/\/jgrepresentaciones.com.co\/home\/wp-content\/uploads\/2022\/05\/Maqueta-de-Diseno-Web_--150x150.png\" alt=\"Maqueta de Dise\u00f1o Web_\" \/><\/figure><\/div><div class=\"swiper-slide\"><figure class=\"swiper-slide-inner\"><img decoding=\"async\" class=\"swiper-slide-image\" src=\"https:\/\/jgrepresentaciones.com.co\/home\/wp-content\/uploads\/2022\/05\/Maqueta-de-Diseno-Web_-copia-150x150.png\" alt=\"Maqueta de Dise\u00f1o Web_ copia\" \/><\/figure><\/div><div class=\"swiper-slide\"><figure class=\"swiper-slide-inner\"><img decoding=\"async\" class=\"swiper-slide-image\" src=\"https:\/\/jgrepresentaciones.com.co\/home\/wp-content\/uploads\/2022\/05\/FANTR-150x150.png\" alt=\"FANTR\" \/><\/figure><\/div><div class=\"swiper-slide\"><figure class=\"swiper-slide-inner\"><img decoding=\"async\" class=\"swiper-slide-image\" src=\"https:\/\/jgrepresentaciones.com.co\/home\/wp-content\/uploads\/2022\/05\/Maqueta-de-Diseno-Web_-copia-3-150x150.png\" alt=\"Maqueta de Dise\u00f1o Web_ copia 3\" \/><\/figure><\/div><div class=\"swiper-slide\"><figure class=\"swiper-slide-inner\"><img decoding=\"async\" class=\"swiper-slide-image\" src=\"https:\/\/jgrepresentaciones.com.co\/home\/wp-content\/uploads\/2022\/05\/Maqueta-de-Diseno-Web_-copia-5-150x150.png\" alt=\"Maqueta de Dise\u00f1o Web_ copia 5\" \/><\/figure><\/div><div class=\"swiper-slide\"><figure class=\"swiper-slide-inner\"><img decoding=\"async\" class=\"swiper-slide-image\" src=\"https:\/\/jgrepresentaciones.com.co\/home\/wp-content\/uploads\/2022\/05\/Maqueta-de-Diseno-Web_-copia-2-150x150.png\" alt=\"Maqueta de Dise\u00f1o Web_ copia 2\" \/><\/figure><\/div>\t\t\t<\/div>\n\t\t\t\t\t\t\t\t\t\t\t\t<div class=\"swiper-pagination\"><\/div>\n\t\t\t\t\t\t\t\t\t\t\t\t\t<div class=\"elementor-swiper-button elementor-swiper-button-prev\">\n\t\t\t\t\t\t<i aria-hidden=\"true\" class=\"eicon-chevron-left\"><\/i>\t\t\t\t\t\t<span class=\"elementor-screen-only\">Anterior<\/span>\n\t\t\t\t\t<\/div>\n\t\t\t\t\t<div class=\"elementor-swiper-button elementor-swiper-button-next\">\n\t\t\t\t\t\t<i aria-hidden=\"true\" class=\"eicon-chevron-right\"><\/i>\t\t\t\t\t\t<span class=\"elementor-screen-only\">Siguiente<\/span>\n\t\t\t\t\t<\/div>\n\t\t\t\t\t\t\t\t\t<\/div>\n\t\t\t\t<\/div>\n\t\t\t\t<\/div>\n\t\t\t\t\t<\/div>\n\t\t<\/div>\n\t\t\t\t\t\t\t<\/div>\n\t\t<\/section>\n\t\t\t\t<section class=\"elementor-section elementor-top-section elementor-element elementor-element-9f40cc4 elementor-section-stretched elementor-section-boxed elementor-section-height-default elementor-section-height-default\" data-id=\"9f40cc4\" data-element_type=\"section\" data-settings=\"{&quot;stretch_section&quot;:&quot;section-stretched&quot;}\">\n\t\t\t\t\t\t<div class=\"elementor-container elementor-column-gap-default\">\n\t\t\t\t\t<div class=\"elementor-column elementor-col-100 elementor-top-column elementor-element elementor-element-974f0ae\" data-id=\"974f0ae\" data-element_type=\"column\">\n\t\t\t<div class=\"elementor-widget-wrap elementor-element-populated\">\n\t\t\t\t\t\t\t\t<div class=\"elementor-element elementor-element-7459e2f elementor-widget elementor-widget-heading\" data-id=\"7459e2f\" data-element_type=\"widget\" data-widget_type=\"heading.default\">\n\t\t\t\t<div class=\"elementor-widget-container\">\n\t\t\t<h2 class=\"elementor-heading-title elementor-size-default\">- PRODUCTOS -<\/h2>\t\t<\/div>\n\t\t\t\t<\/div>\n\t\t\t\t\t<\/div>\n\t\t<\/div>\n\t\t\t\t\t\t\t<\/div>\n\t\t<\/section>\n\t\t\t\t<section class=\"elementor-section elementor-top-section elementor-element elementor-element-267dc67 elementor-section-full_width elementor-section-stretched elementor-section-height-default elementor-section-height-default\" data-id=\"267dc67\" data-element_type=\"section\" data-settings=\"{&quot;stretch_section&quot;:&quot;section-stretched&quot;}\">\n\t\t\t\t\t\t<div class=\"elementor-container elementor-column-gap-no\">\n\t\t\t\t\t<div class=\"elementor-column elementor-col-100 elementor-top-column elementor-element elementor-element-d2fab02\" data-id=\"d2fab02\" data-element_type=\"column\">\n\t\t\t<div class=\"elementor-widget-wrap elementor-element-populated\">\n\t\t\t\t\t\t\t\t<div class=\"elementor-element elementor-element-2425bb6 elementor-widget elementor-widget-eael-image-accordion\" data-id=\"2425bb6\" data-element_type=\"widget\" data-widget_type=\"eael-image-accordion.default\">\n\t\t\t\t<div class=\"elementor-widget-container\">\n\t\t\t    <div class=\"eael-img-accordion accordion-direction-horizontal eael-img-accordion-horizontal-align-center eael-img-accordion-vertical-align-center\" id=\"eael-img-accordion-2425bb6\" data-img-accordion-id=\"2425bb6\" data-img-accordion-type=\"on-hover\">\n                    \n            <a href=\"#\/\" class=\"eael-image-accordion-hover\" style=\"background-image: url(https:\/\/jgrepresentaciones.com.co\/home\/wp-content\/uploads\/2022\/05\/Pernos-2.png);\"  tabindex=\"0\">\n            <div class=\"overlay\">\n                <div class=\"overlay-inner\">\n                    <div class=\"overlay-inner \">\n                        <h2 class=\"img-accordion-title\">Pernos de Fortificaci\u00f3n<\/h2>                        <p><p>Barra Helicoidal, Splitbolt, Adaptadores, Placas y Uniones.<\/p><\/p>\n                    <\/div>\n                <\/div>\n            <\/div>\n            <\/a>\n                    \n            <a href=\"#\/\" class=\"eael-image-accordion-hover\" style=\"background-image: url(https:\/\/jgrepresentaciones.com.co\/home\/wp-content\/uploads\/2022\/05\/arcos.png);\"  tabindex=\"1\">\n            <div class=\"overlay\">\n                <div class=\"overlay-inner\">\n                    <div class=\"overlay-inner \">\n                        <h2 class=\"img-accordion-title\">Arcos de Entibaci\u00f3n y Enfilajes<\/h2>                        <p><p>Cerchas, Chapas, Mallas Electrosoldadas, Autoperforantes y Micropilotes.<\/p><\/p>\n                    <\/div>\n                <\/div>\n            <\/div>\n            <\/a>\n                    \n            <a href=\"#\/\" class=\"eael-image-accordion-hover\" style=\"background-image: url(https:\/\/jgrepresentaciones.com.co\/home\/wp-content\/uploads\/2022\/05\/Aceros-de-perforacion-1.png);\"  tabindex=\"2\">\n            <div class=\"overlay\">\n                <div class=\"overlay-inner\">\n                    <div class=\"overlay-inner \">\n                        <h2 class=\"img-accordion-title\">Aceros de Perforaci\u00f3n<\/h2>                        <p><p>Martillo de Fondo, Brocas y Barras de Acero.<\/p><\/p>\n                    <\/div>\n                <\/div>\n            <\/div>\n            <\/a>\n                    \n            <a href=\"#\/\" class=\"eael-image-accordion-hover\" style=\"background-image: url(https:\/\/jgrepresentaciones.com.co\/home\/wp-content\/uploads\/2022\/05\/CON-LOGO-28-e1654024670622.png);\"  tabindex=\"3\">\n            <div class=\"overlay\">\n                <div class=\"overlay-inner\">\n                    <div class=\"overlay-inner \">\n                        <h2 class=\"img-accordion-title\">Cable Postensado<\/h2>                        <p><p>Cu\u00f1as, Uniones, Placas y Cord\u00f3n.<\/p><\/p>\n                    <\/div>\n                <\/div>\n            <\/div>\n            <\/a>\n                    \n            <a href=\"#\/\" class=\"eael-image-accordion-hover\" style=\"background-image: url(https:\/\/jgrepresentaciones.com.co\/home\/wp-content\/uploads\/2022\/05\/WhatsApp-Image-2022-05-23-at-2.08.28-PM-7.jpeg);\"  tabindex=\"4\">\n            <div class=\"overlay\">\n                <div class=\"overlay-inner\">\n                    <div class=\"overlay-inner \">\n                        <h2 class=\"img-accordion-title\">Para Miner\u00eda<\/h2>                        <p><p>Rieles y Bolas de Acero Forjadas.<\/p><\/p>\n                    <\/div>\n                <\/div>\n            <\/div>\n            <\/a>\n                    \n            <a href=\"#\/\" class=\"eael-image-accordion-hover\" style=\"background-image: url(https:\/\/jgrepresentaciones.com.co\/home\/wp-content\/uploads\/2022\/05\/Equipos.png);\"  tabindex=\"5\">\n            <div class=\"overlay\">\n                <div class=\"overlay-inner\">\n                    <div class=\"overlay-inner \">\n                        <h2 class=\"img-accordion-title\">Equipos<\/h2>                        <p><p>Locomotoras, L\u00e1mparas, Cabrestantes, Winches, Palas Neum\u00e1ticas, Equipos de Perforaci\u00f3n, Ventilaci\u00f3n Subterr\u00e1nea, Rieles y Bolas de Acero Forjada<\/p><\/p>\n                    <\/div>\n                <\/div>\n            <\/div>\n            <\/a>\n                <\/div>\n        <style typr=\"text\/css\">\n                    #eael-img-accordion-2425bb6 .eael-image-accordion-hover:hover {\n                        flex: 3 1 0% !important;\n                    }\n                    #eael-img-accordion-2425bb6 .eael-image-accordion-hover:hover:hover .overlay-inner * {\n                        opacity: 1;\n                        visibility: visible;\n                        transform: none;\n                        transition: all .3s .3s;\n                    }\n                <\/style>\t\t<\/div>\n\t\t\t\t<\/div>\n\t\t\t\t<div class=\"elementor-element elementor-element-b3cf7f2 elementor-button-info elementor-align-center elementor-hidden-desktop elementor-hidden-tablet elementor-hidden-mobile elementor-widget elementor-widget-button\" data-id=\"b3cf7f2\" data-element_type=\"widget\" data-widget_type=\"button.default\">\n\t\t\t\t<div class=\"elementor-widget-container\">\n\t\t\t\t\t<div class=\"elementor-button-wrapper\">\n\t\t\t<a href=\"https:\/\/jgrepresentaciones.com.co\/home\/index.php\/tienda\/\" class=\"elementor-button-link elementor-button elementor-size-md\" role=\"button\">\n\t\t\t\t\t\t<span class=\"elementor-button-content-wrapper\">\n\t\t\t\t\t\t<span class=\"elementor-button-text\">Ver m\u00e1s productos<\/span>\n\t\t<\/span>\n\t\t\t\t\t<\/a>\n\t\t<\/div>\n\t\t\t\t<\/div>\n\t\t\t\t<\/div>\n\t\t\t\t\t<\/div>\n\t\t<\/div>\n\t\t\t\t\t\t\t<\/div>\n\t\t<\/section>\n\t\t\t\t\t\t\t<\/div>\n\t\t","protected":false},"excerpt":{"rendered":"<p>Facilitamos el cumplimiento de Sue\u00f1os, Metas, Proyectos para Colombia &#8211; SOMOS &#8211; Una compa\u00f1\u00eda con m\u00e1s de 15 a\u00f1os de trayectoria en el mercado, dedicada a brindar asesor\u00eda, soporte t\u00e9cnico y suministro de insumos y equipos para la industria minera y obras civiles. Somos representantes y distribuidores de compa\u00f1\u00edas extranjeras que por su experiencia en [&hellip;]<\/p>\n","protected":false},"author":1,"featured_media":0,"parent":0,"menu_order":0,"comment_status":"closed","ping_status":"open","template":"","meta":{"footnotes":""},"class_list":["post-2","page","type-page","status-publish","hentry","entry","owp-thumbs-layout-horizontal","owp-btn-normal","owp-tabs-layout-section","has-no-thumbnails","has-product-nav"],"_links":{"self":[{"href":"https:\/\/jgrepresentaciones.com.co\/home\/index.php\/wp-json\/wp\/v2\/pages\/2","targetHints":{"allow":["GET"]}}],"collection":[{"href":"https:\/\/jgrepresentaciones.com.co\/home\/index.php\/wp-json\/wp\/v2\/pages"}],"about":[{"href":"https:\/\/jgrepresentaciones.com.co\/home\/index.php\/wp-json\/wp\/v2\/types\/page"}],"author":[{"embeddable":true,"href":"https:\/\/jgrepresentaciones.com.co\/home\/index.php\/wp-json\/wp\/v2\/users\/1"}],"replies":[{"embeddable":true,"href":"https:\/\/jgrepresentaciones.com.co\/home\/index.php\/wp-json\/wp\/v2\/comments?post=2"}],"version-history":[{"count":193,"href":"https:\/\/jgrepresentaciones.com.co\/home\/index.php\/wp-json\/wp\/v2\/pages\/2\/revisions"}],"predecessor-version":[{"id":1569,"href":"https:\/\/jgrepresentaciones.com.co\/home\/index.php\/wp-json\/wp\/v2\/pages\/2\/revisions\/1569"}],"wp:attachment":[{"href":"https:\/\/jgrepresentaciones.com.co\/home\/index.php\/wp-json\/wp\/v2\/media?parent=2"}],"curies":[{"name":"wp","href":"https:\/\/api.w.org\/{rel}","templated":true}]}}