{"id":214,"date":"2022-05-24T13:57:42","date_gmt":"2022-05-24T13:57:42","guid":{"rendered":"https:\/\/jgrepresentaciones.com.co\/home\/?page_id=214"},"modified":"2022-06-08T19:18:27","modified_gmt":"2022-06-08T19:18:27","slug":"proyectos-hidroeletricos","status":"publish","type":"page","link":"https:\/\/jgrepresentaciones.com.co\/home\/index.php\/proyectos-hidroeletricos\/","title":{"rendered":"Proyectos Hidroel\u00e9tricos"},"content":{"rendered":"\t\t<div data-elementor-type=\"wp-page\" data-elementor-id=\"214\" class=\"elementor elementor-214\">\n\t\t\t\t\t\t\t\t\t<section class=\"elementor-section elementor-top-section elementor-element elementor-element-76d43d7 elementor-section-stretched elementor-section-boxed elementor-section-height-default elementor-section-height-default\" data-id=\"76d43d7\" data-element_type=\"section\" data-settings=\"{&quot;stretch_section&quot;:&quot;section-stretched&quot;,&quot;background_background&quot;:&quot;classic&quot;}\">\n\t\t\t\t\t\t<div class=\"elementor-container elementor-column-gap-default\">\n\t\t\t\t\t<div class=\"elementor-column elementor-col-100 elementor-top-column elementor-element elementor-element-5cf6427\" data-id=\"5cf6427\" data-element_type=\"column\">\n\t\t\t<div class=\"elementor-widget-wrap elementor-element-populated\">\n\t\t\t\t\t\t\t\t<div class=\"elementor-element elementor-element-eb61a07 elementor-widget elementor-widget-heading\" data-id=\"eb61a07\" data-element_type=\"widget\" data-widget_type=\"heading.default\">\n\t\t\t\t<div class=\"elementor-widget-container\">\n\t\t\t<style>\/*! elementor - v3.6.5 - 27-04-2022 *\/\n.elementor-heading-title{padding:0;margin:0;line-height:1}.elementor-widget-heading .elementor-heading-title[class*=elementor-size-]>a{color:inherit;font-size:inherit;line-height:inherit}.elementor-widget-heading .elementor-heading-title.elementor-size-small{font-size:15px}.elementor-widget-heading .elementor-heading-title.elementor-size-medium{font-size:19px}.elementor-widget-heading .elementor-heading-title.elementor-size-large{font-size:29px}.elementor-widget-heading .elementor-heading-title.elementor-size-xl{font-size:39px}.elementor-widget-heading .elementor-heading-title.elementor-size-xxl{font-size:59px}<\/style><h2 class=\"elementor-heading-title elementor-size-default\">- PROYECTOS HIDROEL\u00c9CTRICOS -<\/h2>\t\t<\/div>\n\t\t\t\t<\/div>\n\t\t\t\t\t<\/div>\n\t\t<\/div>\n\t\t\t\t\t\t\t<\/div>\n\t\t<\/section>\n\t\t\t\t<section class=\"elementor-section elementor-top-section elementor-element elementor-element-3b51be0 elementor-section-stretched elementor-section-boxed elementor-section-height-default elementor-section-height-default\" data-id=\"3b51be0\" data-element_type=\"section\" data-settings=\"{&quot;stretch_section&quot;:&quot;section-stretched&quot;}\">\n\t\t\t\t\t\t<div class=\"elementor-container elementor-column-gap-default\">\n\t\t\t\t\t<div class=\"elementor-column elementor-col-25 elementor-top-column elementor-element elementor-element-7d36ed2\" data-id=\"7d36ed2\" data-element_type=\"column\">\n\t\t\t<div class=\"elementor-widget-wrap elementor-element-populated\">\n\t\t\t\t\t\t\t\t<div class=\"elementor-element elementor-element-76d0946 animated-slow elementor-position-top elementor-vertical-align-top elementor-invisible elementor-widget elementor-widget-image-box\" data-id=\"76d0946\" data-element_type=\"widget\" data-settings=\"{&quot;_animation&quot;:&quot;fadeInLeft&quot;}\" data-widget_type=\"image-box.default\">\n\t\t\t\t<div class=\"elementor-widget-container\">\n\t\t\t<style>\/*! elementor - v3.6.5 - 27-04-2022 *\/\n.elementor-widget-image-box .elementor-image-box-content{width:100%}@media (min-width:768px){.elementor-widget-image-box.elementor-position-left .elementor-image-box-wrapper,.elementor-widget-image-box.elementor-position-right .elementor-image-box-wrapper{display:-webkit-box;display:-ms-flexbox;display:flex}.elementor-widget-image-box.elementor-position-right .elementor-image-box-wrapper{text-align:right;-webkit-box-orient:horizontal;-webkit-box-direction:reverse;-ms-flex-direction:row-reverse;flex-direction:row-reverse}.elementor-widget-image-box.elementor-position-left .elementor-image-box-wrapper{text-align:left;-webkit-box-orient:horizontal;-webkit-box-direction:normal;-ms-flex-direction:row;flex-direction:row}.elementor-widget-image-box.elementor-position-top .elementor-image-box-img{margin:auto}.elementor-widget-image-box.elementor-vertical-align-top .elementor-image-box-wrapper{-webkit-box-align:start;-ms-flex-align:start;align-items:flex-start}.elementor-widget-image-box.elementor-vertical-align-middle .elementor-image-box-wrapper{-webkit-box-align:center;-ms-flex-align:center;align-items:center}.elementor-widget-image-box.elementor-vertical-align-bottom .elementor-image-box-wrapper{-webkit-box-align:end;-ms-flex-align:end;align-items:flex-end}}@media (max-width:767px){.elementor-widget-image-box .elementor-image-box-img{margin-left:auto!important;margin-right:auto!important;margin-bottom:15px}}.elementor-widget-image-box .elementor-image-box-img{display:inline-block}.elementor-widget-image-box .elementor-image-box-title a{color:inherit}.elementor-widget-image-box .elementor-image-box-wrapper{text-align:center}.elementor-widget-image-box .elementor-image-box-description{margin:0}<\/style><div class=\"elementor-image-box-wrapper\"><figure class=\"elementor-image-box-img\"><img loading=\"lazy\" decoding=\"async\" width=\"800\" height=\"800\" src=\"https:\/\/jgrepresentaciones.com.co\/home\/wp-content\/uploads\/2022\/06\/HIDROITUANGO.png\" class=\"elementor-animation-rotate attachment-full size-full\" alt=\"\" \/><\/figure><div class=\"elementor-image-box-content\"><h3 class=\"elementor-image-box-title\">CH Ituango<\/h3><p class=\"elementor-image-box-description\">El Proyecto Hidroel\u00e9ctrico Ituango se localiza sobre el r\u00edo Cauca, en el llamado \u201cCa\u00f1\u00f3n del Cauca\u201d, tramo en el cual este r\u00edo, que nace en el sur del pa\u00eds, corre a trav\u00e9s de profundos ca\u00f1ones y desciende unos 800 m.\n\nEl r\u00edo Cauca es uno de los m\u00e1s importantes del pa\u00eds, con un recorrido de 1.350 km; su cuenca de unos 37.800 km2 recorre m\u00e1s de 150 municipios de Colombia, con una poblaci\u00f3n de alrededor de 10 millones de personas; descarga sus aguas al r\u00edo Magdalena, que a su vez lo hace al mar Caribe, en el norte.<\/p><\/div><\/div>\t\t<\/div>\n\t\t\t\t<\/div>\n\t\t\t\t\t<\/div>\n\t\t<\/div>\n\t\t\t\t<div class=\"elementor-column elementor-col-25 elementor-top-column elementor-element elementor-element-e8b0cbc\" data-id=\"e8b0cbc\" data-element_type=\"column\">\n\t\t\t<div class=\"elementor-widget-wrap elementor-element-populated\">\n\t\t\t\t\t\t\t\t<div class=\"elementor-element elementor-element-4b0cb1a animated-slow elementor-position-top elementor-vertical-align-top elementor-invisible elementor-widget elementor-widget-image-box\" data-id=\"4b0cb1a\" data-element_type=\"widget\" data-settings=\"{&quot;_animation&quot;:&quot;fadeInLeft&quot;}\" data-widget_type=\"image-box.default\">\n\t\t\t\t<div class=\"elementor-widget-container\">\n\t\t\t<div class=\"elementor-image-box-wrapper\"><figure class=\"elementor-image-box-img\"><img loading=\"lazy\" decoding=\"async\" width=\"800\" height=\"800\" src=\"https:\/\/jgrepresentaciones.com.co\/home\/wp-content\/uploads\/2022\/06\/ESCUELA-DE-MINAS.png\" class=\"elementor-animation-rotate attachment-full size-full\" alt=\"\" \/><\/figure><div class=\"elementor-image-box-content\"><h3 class=\"elementor-image-box-title\">CH Escuela de MInas<\/h3><p class=\"elementor-image-box-description\">La Central Hidroel\u00e9ctrica Escuela de Minas es una central a filo de agua que aprovecha las aguas del r\u00edo Negro, tiene un caudal de dise\u00f1o de 39,5m3\/s, la capacidad instalada es de 55,0MW y la energ\u00eda media de 249,3GWh\/a\u00f1o. Esta central entr\u00f3 en operaci\u00f3n en  el  a\u00f1o 2019.<\/p><\/div><\/div>\t\t<\/div>\n\t\t\t\t<\/div>\n\t\t\t\t\t<\/div>\n\t\t<\/div>\n\t\t\t\t<div class=\"elementor-column elementor-col-25 elementor-top-column elementor-element elementor-element-4a3b03d\" data-id=\"4a3b03d\" data-element_type=\"column\">\n\t\t\t<div class=\"elementor-widget-wrap elementor-element-populated\">\n\t\t\t\t\t\t\t\t<div class=\"elementor-element elementor-element-ee1be7d animated-slow elementor-position-top elementor-vertical-align-top elementor-invisible elementor-widget elementor-widget-image-box\" data-id=\"ee1be7d\" data-element_type=\"widget\" data-settings=\"{&quot;_animation&quot;:&quot;fadeInLeft&quot;}\" data-widget_type=\"image-box.default\">\n\t\t\t\t<div class=\"elementor-widget-container\">\n\t\t\t<div class=\"elementor-image-box-wrapper\"><figure class=\"elementor-image-box-img\"><img loading=\"lazy\" decoding=\"async\" width=\"496\" height=\"496\" src=\"https:\/\/jgrepresentaciones.com.co\/home\/wp-content\/uploads\/2022\/06\/TULUA-e1654707110301.jpg\" class=\"elementor-animation-rotate attachment-large size-large\" alt=\"\" \/><\/figure><div class=\"elementor-image-box-content\"><h3 class=\"elementor-image-box-title\">CH Tulu\u00e1<\/h3><p class=\"elementor-image-box-description\">Es una peque\u00f1a central hidroel\u00e9ctrica a filo de agua con capacidad de generaci\u00f3n de 19.9 MW. Est\u00e1 conectada al sistema de transmisi\u00f3n por una l\u00ednea 34,5 KV que va para la subestaci\u00f3n Tulu\u00e1 115. Est\u00e1 localizada en el departamento del Valle del Cauca,\nen la cordillera central, ubicada en la cuenca media del R\u00edo Tulu\u00e1, en jurisdicci\u00f3n del municipio de Tulu\u00e1.\nLimitado en el sector comprendido entre las cotas 1800 y 1567. Su influencia se presenta en el corregimiento Los Bancos, Nogales.<\/p><\/div><\/div>\t\t<\/div>\n\t\t\t\t<\/div>\n\t\t\t\t\t<\/div>\n\t\t<\/div>\n\t\t\t\t<div class=\"elementor-column elementor-col-25 elementor-top-column elementor-element elementor-element-b558fe2\" data-id=\"b558fe2\" data-element_type=\"column\">\n\t\t\t<div class=\"elementor-widget-wrap elementor-element-populated\">\n\t\t\t\t\t\t\t\t<div class=\"elementor-element elementor-element-18886a8 animated-slow elementor-position-top elementor-vertical-align-top elementor-invisible elementor-widget elementor-widget-image-box\" data-id=\"18886a8\" data-element_type=\"widget\" data-settings=\"{&quot;_animation&quot;:&quot;fadeInLeft&quot;}\" data-widget_type=\"image-box.default\">\n\t\t\t\t<div class=\"elementor-widget-container\">\n\t\t\t<div class=\"elementor-image-box-wrapper\"><figure class=\"elementor-image-box-img\"><img loading=\"lazy\" decoding=\"async\" width=\"499\" height=\"499\" src=\"https:\/\/jgrepresentaciones.com.co\/home\/wp-content\/uploads\/2022\/06\/MONTANITAS-e1654707164964.jpg\" class=\"elementor-animation-rotate attachment-full size-full\" alt=\"\" \/><\/figure><div class=\"elementor-image-box-content\"><h3 class=\"elementor-image-box-title\">CH Monta\u00f1itas<\/h3><p class=\"elementor-image-box-description\">Hidromonta\u00f1itas est\u00e1 ubicada en los l\u00edmites de Donmat\u00edas y Santa Rosa de Osos, en el norte de Antioquia. La central hidroel\u00e9ctrica, que aprovecha las aguas del R\u00edo Grande, es un proyecto a filo de agua, es decir, capta la cantidad del caudal requerida, por lo que no necesita embalse.\n\n<\/p><\/div><\/div>\t\t<\/div>\n\t\t\t\t<\/div>\n\t\t\t\t\t<\/div>\n\t\t<\/div>\n\t\t\t\t\t\t\t<\/div>\n\t\t<\/section>\n\t\t\t\t<section class=\"elementor-section elementor-top-section elementor-element elementor-element-98ec4d7 elementor-section-stretched elementor-section-boxed elementor-section-height-default elementor-section-height-default\" data-id=\"98ec4d7\" data-element_type=\"section\" data-settings=\"{&quot;stretch_section&quot;:&quot;section-stretched&quot;,&quot;background_background&quot;:&quot;classic&quot;}\">\n\t\t\t\t\t\t<div class=\"elementor-container elementor-column-gap-default\">\n\t\t\t\t\t<div class=\"elementor-column elementor-col-25 elementor-top-column elementor-element elementor-element-3e78033\" data-id=\"3e78033\" data-element_type=\"column\">\n\t\t\t<div class=\"elementor-widget-wrap elementor-element-populated\">\n\t\t\t\t\t\t\t\t<div class=\"elementor-element elementor-element-ca62f6d elementor-position-top elementor-vertical-align-top elementor-widget elementor-widget-image-box\" data-id=\"ca62f6d\" data-element_type=\"widget\" data-widget_type=\"image-box.default\">\n\t\t\t\t<div class=\"elementor-widget-container\">\n\t\t\t<div class=\"elementor-image-box-wrapper\"><figure class=\"elementor-image-box-img\"><img loading=\"lazy\" decoding=\"async\" width=\"435\" height=\"435\" src=\"https:\/\/jgrepresentaciones.com.co\/home\/wp-content\/uploads\/2022\/06\/MORRO-AZUL-e1654712886499.jpg\" class=\"elementor-animation-rotate attachment-full size-full\" alt=\"\" \/><\/figure><div class=\"elementor-image-box-content\"><h3 class=\"elementor-image-box-title\">PCH Morro Azul<\/h3><p class=\"elementor-image-box-description\">La Peque\u00f1a Central Hidroel\u00e9ctrica Morro Azul contribuye al desarrollo energ\u00e9tico del territorio colombiano, a partir del aprovechamiento del r\u00edo Risaralda ubicado entre los departamentos de Risaralda y Caldas.  La PCH tiene una capacidad instalada para generar 19,9 MW de energ\u00eda el\u00e9ctrica, lo suficiente para atender a una ciudad de aproximadamente 70 mil habitantes y contribuye positivamente a que la poblaci\u00f3n obtenga de forma anticipada acceso a energ\u00eda m\u00e1s limpia, renovable y de calidad.<\/p><\/div><\/div>\t\t<\/div>\n\t\t\t\t<\/div>\n\t\t\t\t\t<\/div>\n\t\t<\/div>\n\t\t\t\t<div class=\"elementor-column elementor-col-25 elementor-top-column elementor-element elementor-element-64aa592\" data-id=\"64aa592\" data-element_type=\"column\">\n\t\t\t<div class=\"elementor-widget-wrap elementor-element-populated\">\n\t\t\t\t\t\t\t\t<div class=\"elementor-element elementor-element-55c8aff elementor-position-top elementor-vertical-align-top elementor-widget elementor-widget-image-box\" data-id=\"55c8aff\" data-element_type=\"widget\" data-widget_type=\"image-box.default\">\n\t\t\t\t<div class=\"elementor-widget-container\">\n\t\t\t<div class=\"elementor-image-box-wrapper\"><figure class=\"elementor-image-box-img\"><img loading=\"lazy\" decoding=\"async\" width=\"1440\" height=\"1440\" src=\"https:\/\/jgrepresentaciones.com.co\/home\/wp-content\/uploads\/2022\/06\/TUNJITA-scaled-e1654712918753.jpg\" class=\"elementor-animation-rotate attachment-full size-full\" alt=\"\" \/><\/figure><div class=\"elementor-image-box-content\"><h3 class=\"elementor-image-box-title\">PCH Tunjita<\/h3><p class=\"elementor-image-box-description\">La PCH del r\u00edo Tunjita fue una obra que logr\u00f3 la reparaci\u00f3n de un trasvase de 14 kil\u00f3metros y su modificaci\u00f3n para el aprovechamiento de este flujo de agua, generando una producci\u00f3n extra de 20 megavatios por hora, adicionales a los 1.000 mw que ya generaba la hidroel\u00e9ctrica Chivor. <\/p><\/div><\/div>\t\t<\/div>\n\t\t\t\t<\/div>\n\t\t\t\t\t<\/div>\n\t\t<\/div>\n\t\t\t\t<div class=\"elementor-column elementor-col-25 elementor-top-column elementor-element elementor-element-5abfa6d\" data-id=\"5abfa6d\" data-element_type=\"column\">\n\t\t\t<div class=\"elementor-widget-wrap elementor-element-populated\">\n\t\t\t\t\t\t\t\t<div class=\"elementor-element elementor-element-5d9586a elementor-position-top elementor-vertical-align-top elementor-widget elementor-widget-image-box\" data-id=\"5d9586a\" data-element_type=\"widget\" data-widget_type=\"image-box.default\">\n\t\t\t\t<div class=\"elementor-widget-container\">\n\t\t\t<div class=\"elementor-image-box-wrapper\"><figure class=\"elementor-image-box-img\"><img loading=\"lazy\" decoding=\"async\" width=\"478\" height=\"478\" src=\"https:\/\/jgrepresentaciones.com.co\/home\/wp-content\/uploads\/2022\/06\/EL-EDEN-e1654713063963.jpg\" class=\"elementor-animation-rotate attachment-full size-full\" alt=\"\" \/><\/figure><div class=\"elementor-image-box-content\"><h3 class=\"elementor-image-box-title\">PCH El Ed\u00e9n<\/h3><p class=\"elementor-image-box-description\">La Hidroel\u00e9ctrica el Ed\u00e9n toma cierta parte del caudal del r\u00edo la miel La cual es conducida a trav\u00e9s de un t\u00fanel, tanque y tuber\u00eda de carga hasta la casa de m\u00e1quinas de tipo superficial, donde se cuenta con dos turbinas tipo Pelton horizontales que generar\u00e1n 19.9 MW para ser inyectados al Sistema de distribuci\u00f3n local SDL, a trav\u00e9s de la apertura de una l\u00ednea de 33.000 Voltios entre las subestaciones existentes de Victoria y Manzanares de la Central Hidroel\u00e9ctrica de Caldas CHEC.<\/p><\/div><\/div>\t\t<\/div>\n\t\t\t\t<\/div>\n\t\t\t\t\t<\/div>\n\t\t<\/div>\n\t\t\t\t<div class=\"elementor-column elementor-col-25 elementor-top-column elementor-element elementor-element-d2d46fa\" data-id=\"d2d46fa\" data-element_type=\"column\">\n\t\t\t<div class=\"elementor-widget-wrap elementor-element-populated\">\n\t\t\t\t\t\t\t\t<div class=\"elementor-element elementor-element-4af8418 elementor-position-top elementor-vertical-align-top elementor-widget elementor-widget-image-box\" data-id=\"4af8418\" data-element_type=\"widget\" data-widget_type=\"image-box.default\">\n\t\t\t\t<div class=\"elementor-widget-container\">\n\t\t\t<div class=\"elementor-image-box-wrapper\"><figure class=\"elementor-image-box-img\"><img loading=\"lazy\" decoding=\"async\" width=\"477\" height=\"477\" src=\"https:\/\/jgrepresentaciones.com.co\/home\/wp-content\/uploads\/2022\/06\/CARLOS-LLERAS-e1654713080875.jpg\" class=\"elementor-animation-rotate attachment-full size-full\" alt=\"\" \/><\/figure><div class=\"elementor-image-box-content\"><h3 class=\"elementor-image-box-title\">PCH Carlos Lleras<\/h3><p class=\"elementor-image-box-description\"> Es una Central a filo de agua, que aprovecha la parte alta y media de la cuenca hidrogr\u00e1fica del r\u00edo Medell\u00edn. Actualmente cuenta con una potencia instalada de 78,2MW, la energ\u00eda media anual es de 584GWh\/a\u00f1o y la energ\u00eda firme anual es de 280GWh\/a\u00f1o. Esta central entr\u00f3 en operaci\u00f3n en el a\u00f1o 2015<\/p><\/div><\/div>\t\t<\/div>\n\t\t\t\t<\/div>\n\t\t\t\t\t<\/div>\n\t\t<\/div>\n\t\t\t\t\t\t\t<\/div>\n\t\t<\/section>\n\t\t\t\t<section class=\"elementor-section elementor-top-section elementor-element elementor-element-96576cd elementor-section-stretched elementor-section-boxed elementor-section-height-default elementor-section-height-default\" data-id=\"96576cd\" data-element_type=\"section\" data-settings=\"{&quot;stretch_section&quot;:&quot;section-stretched&quot;}\">\n\t\t\t\t\t\t<div class=\"elementor-container elementor-column-gap-default\">\n\t\t\t\t\t<div class=\"elementor-column elementor-col-25 elementor-top-column elementor-element elementor-element-1efdbe7\" data-id=\"1efdbe7\" data-element_type=\"column\">\n\t\t\t<div class=\"elementor-widget-wrap elementor-element-populated\">\n\t\t\t\t\t\t\t\t<div class=\"elementor-element elementor-element-98d34e2 animated-slow elementor-position-top elementor-vertical-align-top elementor-invisible elementor-widget elementor-widget-image-box\" data-id=\"98d34e2\" data-element_type=\"widget\" data-settings=\"{&quot;_animation&quot;:&quot;fadeInLeft&quot;}\" data-widget_type=\"image-box.default\">\n\t\t\t\t<div class=\"elementor-widget-container\">\n\t\t\t<div class=\"elementor-image-box-wrapper\"><figure class=\"elementor-image-box-img\"><img loading=\"lazy\" decoding=\"async\" width=\"360\" height=\"360\" src=\"https:\/\/jgrepresentaciones.com.co\/home\/wp-content\/uploads\/2022\/06\/SAN-MIGUEL-e1654713119705.jpg\" class=\"elementor-animation-rotate attachment-full size-full\" alt=\"\" \/><\/figure><div class=\"elementor-image-box-content\"><h3 class=\"elementor-image-box-title\">PCH San Miguel<\/h3><p class=\"elementor-image-box-description\">San Miguel entr\u00f3 en operaci\u00f3n comercial en diciembre de 2015. La Central se encuentra ubicada en el departamento de Antioquia entre los municipios de San Luis y San Francisco. Cuenta con una Capacidad Efectiva Neta de 52 MW, con un sistema de captaci\u00f3n a filo de agua, es decir, no cuenta con reserva de agua o embalse sino que funciona gracias al caudal del r\u00edo Calderas.<\/p><\/div><\/div>\t\t<\/div>\n\t\t\t\t<\/div>\n\t\t\t\t\t<\/div>\n\t\t<\/div>\n\t\t\t\t<div class=\"elementor-column elementor-col-25 elementor-top-column elementor-element elementor-element-5b145bb\" data-id=\"5b145bb\" data-element_type=\"column\">\n\t\t\t<div class=\"elementor-widget-wrap elementor-element-populated\">\n\t\t\t\t\t\t\t\t<div class=\"elementor-element elementor-element-b71194e animated-slow elementor-position-top elementor-vertical-align-top elementor-invisible elementor-widget elementor-widget-image-box\" data-id=\"b71194e\" data-element_type=\"widget\" data-settings=\"{&quot;_animation&quot;:&quot;fadeInLeft&quot;}\" data-widget_type=\"image-box.default\">\n\t\t\t\t<div class=\"elementor-widget-container\">\n\t\t\t<div class=\"elementor-image-box-wrapper\"><figure class=\"elementor-image-box-img\"><img loading=\"lazy\" decoding=\"async\" width=\"298\" height=\"298\" src=\"https:\/\/jgrepresentaciones.com.co\/home\/wp-content\/uploads\/2022\/06\/LUZMA-e1654713139513.jpg\" class=\"elementor-animation-rotate attachment-full size-full\" alt=\"\" \/><\/figure><div class=\"elementor-image-box-content\"><h3 class=\"elementor-image-box-title\">PCH Luzma<\/h3><p class=\"elementor-image-box-description\">La PCH Luzma I, tiene una capacidad de 19,9 MW, el caudal descargado, es transportado por medio de tuber\u00eda GRP a Luzma II, generando aproximadamente en conjunto 40 MW. Est\u00e1n localizadas en la subregi\u00f3n nordeste de Antioquia en jurisdicci\u00f3n del municipio de Amalfi (entre las veredas La Manguita y Salazar).<\/p><\/div><\/div>\t\t<\/div>\n\t\t\t\t<\/div>\n\t\t\t\t\t<\/div>\n\t\t<\/div>\n\t\t\t\t<div class=\"elementor-column elementor-col-25 elementor-top-column elementor-element elementor-element-ad6f5c8\" data-id=\"ad6f5c8\" data-element_type=\"column\">\n\t\t\t<div class=\"elementor-widget-wrap elementor-element-populated\">\n\t\t\t\t\t\t\t\t<div class=\"elementor-element elementor-element-55ac589 animated-slow elementor-position-top elementor-vertical-align-top elementor-invisible elementor-widget elementor-widget-image-box\" data-id=\"55ac589\" data-element_type=\"widget\" data-settings=\"{&quot;_animation&quot;:&quot;fadeInLeft&quot;}\" data-widget_type=\"image-box.default\">\n\t\t\t\t<div class=\"elementor-widget-container\">\n\t\t\t<div class=\"elementor-image-box-wrapper\"><figure class=\"elementor-image-box-img\"><img loading=\"lazy\" decoding=\"async\" width=\"416\" height=\"416\" src=\"https:\/\/jgrepresentaciones.com.co\/home\/wp-content\/uploads\/2022\/06\/MOLINOS-e1654713158533.png\" class=\"elementor-animation-rotate attachment-full size-full\" alt=\"\" \/><\/figure><div class=\"elementor-image-box-content\"><h3 class=\"elementor-image-box-title\">PCH Molinos<\/h3><p class=\"elementor-image-box-description\">El proyecto Los Molinos consiste en el desarrollo, construcci\u00f3n y operaci\u00f3n de dos peque\u00f1as centrales hidroel\u00e9ctricas a filo de agua ubicadas en la municipalidad de Cocorn\u00e1, Departamento de Antioquia (PCH El Molino y PCH San Mat\u00edas). Cada central tendr\u00e1 una capacidad instalada de 19,9 MW y, juntas, generar\u00e1n 246 GWh de energ\u00eda limpia por a\u00f1o.<\/p><\/div><\/div>\t\t<\/div>\n\t\t\t\t<\/div>\n\t\t\t\t\t<\/div>\n\t\t<\/div>\n\t\t\t\t<div class=\"elementor-column elementor-col-25 elementor-top-column elementor-element elementor-element-2841be9\" data-id=\"2841be9\" data-element_type=\"column\">\n\t\t\t<div class=\"elementor-widget-wrap elementor-element-populated\">\n\t\t\t\t\t\t\t\t<div class=\"elementor-element elementor-element-9a53b7c animated-slow elementor-position-top elementor-vertical-align-top elementor-invisible elementor-widget elementor-widget-image-box\" data-id=\"9a53b7c\" data-element_type=\"widget\" data-settings=\"{&quot;_animation&quot;:&quot;fadeInLeft&quot;}\" data-widget_type=\"image-box.default\">\n\t\t\t\t<div class=\"elementor-widget-container\">\n\t\t\t<div class=\"elementor-image-box-wrapper\"><figure class=\"elementor-image-box-img\"><img loading=\"lazy\" decoding=\"async\" width=\"739\" height=\"739\" src=\"https:\/\/jgrepresentaciones.com.co\/home\/wp-content\/uploads\/2022\/06\/ALEJANDRIA-1-e1654713193338.jpg\" class=\"elementor-animation-rotate attachment-full size-full\" alt=\"\" \/><\/figure><div class=\"elementor-image-box-content\"><h3 class=\"elementor-image-box-title\">PCH Alejandr\u00eda<\/h3><p class=\"elementor-image-box-description\">PCH a filo de agua, que comprende las obras de captaci\u00f3n, conducci\u00f3n casa m\u00e1quinas, obras de descarga, v\u00edas y de infraestructura. Se obtendr\u00e1 una generaci\u00f3n de energ\u00eda el\u00e9ctrica a partir de la fuente renovable ofrecida por el r\u00edo Nare que corresponde a un aprovechamiento hidr\u00e1ulico para un caudal cercano al promedio del r\u00edo (16,60 m3\/s) con una ca\u00edda bruta de 110,20 m.<\/p><\/div><\/div>\t\t<\/div>\n\t\t\t\t<\/div>\n\t\t\t\t\t<\/div>\n\t\t<\/div>\n\t\t\t\t\t\t\t<\/div>\n\t\t<\/section>\n\t\t\t\t\t\t\t<\/div>\n\t\t","protected":false},"excerpt":{"rendered":"<p>&#8211; PROYECTOS HIDROEL\u00c9CTRICOS &#8211; CH Ituango El Proyecto Hidroel\u00e9ctrico Ituango se localiza sobre el r\u00edo Cauca, en el llamado \u201cCa\u00f1\u00f3n del Cauca\u201d, tramo en el cual este r\u00edo, que nace en el sur del pa\u00eds, corre a trav\u00e9s de profundos ca\u00f1ones y desciende unos 800 m. El r\u00edo Cauca es uno de los m\u00e1s importantes [&hellip;]<\/p>\n","protected":false},"author":1,"featured_media":0,"parent":0,"menu_order":0,"comment_status":"closed","ping_status":"closed","template":"","meta":{"footnotes":""},"class_list":["post-214","page","type-page","status-publish","hentry","entry","owp-thumbs-layout-horizontal","owp-btn-normal","owp-tabs-layout-section","has-no-thumbnails","has-product-nav"],"_links":{"self":[{"href":"https:\/\/jgrepresentaciones.com.co\/home\/index.php\/wp-json\/wp\/v2\/pages\/214","targetHints":{"allow":["GET"]}}],"collection":[{"href":"https:\/\/jgrepresentaciones.com.co\/home\/index.php\/wp-json\/wp\/v2\/pages"}],"about":[{"href":"https:\/\/jgrepresentaciones.com.co\/home\/index.php\/wp-json\/wp\/v2\/types\/page"}],"author":[{"embeddable":true,"href":"https:\/\/jgrepresentaciones.com.co\/home\/index.php\/wp-json\/wp\/v2\/users\/1"}],"replies":[{"embeddable":true,"href":"https:\/\/jgrepresentaciones.com.co\/home\/index.php\/wp-json\/wp\/v2\/comments?post=214"}],"version-history":[{"count":13,"href":"https:\/\/jgrepresentaciones.com.co\/home\/index.php\/wp-json\/wp\/v2\/pages\/214\/revisions"}],"predecessor-version":[{"id":1142,"href":"https:\/\/jgrepresentaciones.com.co\/home\/index.php\/wp-json\/wp\/v2\/pages\/214\/revisions\/1142"}],"wp:attachment":[{"href":"https:\/\/jgrepresentaciones.com.co\/home\/index.php\/wp-json\/wp\/v2\/media?parent=214"}],"curies":[{"name":"wp","href":"https:\/\/api.w.org\/{rel}","templated":true}]}}