{"id":44,"date":"2022-05-20T13:38:58","date_gmt":"2022-05-20T13:38:58","guid":{"rendered":"https:\/\/jgrepresentaciones.com.co\/home\/?page_id=44"},"modified":"2022-06-03T18:31:36","modified_gmt":"2022-06-03T18:31:36","slug":"quienes-somos","status":"publish","type":"page","link":"https:\/\/jgrepresentaciones.com.co\/home\/index.php\/quienes-somos\/","title":{"rendered":"Quienes somos"},"content":{"rendered":"\t\t<div data-elementor-type=\"wp-page\" data-elementor-id=\"44\" class=\"elementor elementor-44\">\n\t\t\t\t\t\t\t\t\t<section class=\"elementor-section elementor-top-section elementor-element elementor-element-f6a462f elementor-section-full_width elementor-section-stretched elementor-section-height-default elementor-section-height-default\" data-id=\"f6a462f\" data-element_type=\"section\" data-settings=\"{&quot;stretch_section&quot;:&quot;section-stretched&quot;,&quot;background_background&quot;:&quot;classic&quot;}\">\n\t\t\t\t\t\t<div class=\"elementor-container elementor-column-gap-default\">\n\t\t\t\t\t<div class=\"elementor-column elementor-col-100 elementor-top-column elementor-element elementor-element-6de664c\" data-id=\"6de664c\" data-element_type=\"column\">\n\t\t\t<div class=\"elementor-widget-wrap elementor-element-populated\">\n\t\t\t\t\t\t\t\t<div class=\"elementor-element elementor-element-258f30d elementor-widget elementor-widget-heading\" data-id=\"258f30d\" data-element_type=\"widget\" data-widget_type=\"heading.default\">\n\t\t\t\t<div class=\"elementor-widget-container\">\n\t\t\t<style>\/*! elementor - v3.6.5 - 27-04-2022 *\/\n.elementor-heading-title{padding:0;margin:0;line-height:1}.elementor-widget-heading .elementor-heading-title[class*=elementor-size-]>a{color:inherit;font-size:inherit;line-height:inherit}.elementor-widget-heading .elementor-heading-title.elementor-size-small{font-size:15px}.elementor-widget-heading .elementor-heading-title.elementor-size-medium{font-size:19px}.elementor-widget-heading .elementor-heading-title.elementor-size-large{font-size:29px}.elementor-widget-heading .elementor-heading-title.elementor-size-xl{font-size:39px}.elementor-widget-heading .elementor-heading-title.elementor-size-xxl{font-size:59px}<\/style><h2 class=\"elementor-heading-title elementor-size-default\">- NUESTRA HISTORIA -<\/h2>\t\t<\/div>\n\t\t\t\t<\/div>\n\t\t\t\t\t<\/div>\n\t\t<\/div>\n\t\t\t\t\t\t\t<\/div>\n\t\t<\/section>\n\t\t\t\t<section class=\"elementor-section elementor-top-section elementor-element elementor-element-d00d9db elementor-section-boxed elementor-section-height-default elementor-section-height-default\" data-id=\"d00d9db\" data-element_type=\"section\">\n\t\t\t\t\t\t<div class=\"elementor-container elementor-column-gap-default\">\n\t\t\t\t\t<div class=\"elementor-column elementor-col-100 elementor-top-column elementor-element elementor-element-d43b11c\" data-id=\"d43b11c\" data-element_type=\"column\">\n\t\t\t<div class=\"elementor-widget-wrap elementor-element-populated\">\n\t\t\t\t\t\t\t\t<div class=\"elementor-element elementor-element-2c43b65 elementor-widget elementor-widget-text-editor\" data-id=\"2c43b65\" data-element_type=\"widget\" data-widget_type=\"text-editor.default\">\n\t\t\t\t<div class=\"elementor-widget-container\">\n\t\t\t<style>\/*! elementor - v3.6.5 - 27-04-2022 *\/\n.elementor-widget-text-editor.elementor-drop-cap-view-stacked .elementor-drop-cap{background-color:#818a91;color:#fff}.elementor-widget-text-editor.elementor-drop-cap-view-framed .elementor-drop-cap{color:#818a91;border:3px solid;background-color:transparent}.elementor-widget-text-editor:not(.elementor-drop-cap-view-default) .elementor-drop-cap{margin-top:8px}.elementor-widget-text-editor:not(.elementor-drop-cap-view-default) .elementor-drop-cap-letter{width:1em;height:1em}.elementor-widget-text-editor .elementor-drop-cap{float:left;text-align:center;line-height:1;font-size:50px}.elementor-widget-text-editor .elementor-drop-cap-letter{display:inline-block}<\/style>\t\t\t\t<p>JG REPRESENTACIONES S.A.S, se fund\u00f3 en agosto del a\u00f1o 2007, con el prop\u00f3sito de ser una alternativa novedosa para la importaci\u00f3n de equipos e insumos para la miner\u00eda, la empresa nace bajo el planteamiento que en Colombia hab\u00eda una deficiencia marcada en proveedores para el suministro de rieles el cu\u00e1l fue el inicio para trabajar como representantes en Colombia de empresas del exterior. De esta manera naci\u00f3 la gran oportunidad de sumplir a los clientes en otros productos para Miner\u00eda.<\/p><p>En su segundo a\u00f1o, la empresa fue reconocida como una de las firmas con mayor importaci\u00f3n de rieles en el mercado, participando as\u00ed cada a\u00f1o de la Feria Internacional Minera.\u00a0Al a\u00f1o 2009 fueron integr\u00e1ndose m\u00e1s empresas del exterior para ser representadas, no solo de productos para la miner\u00eda sino tambi\u00e9n para la ingenier\u00eda civil comenzando as\u00ed a importar materiales y equipos desde Per\u00fa y Espa\u00f1a.<\/p><p>La empresa ha crecido tanto en el volumen de negocios a\u00f1o tras a\u00f1o como en el n\u00famero de compa\u00f1\u00edas proveedoras de sus productos, haciendo del portafolio de servicios y bienes que ofrece JG uno de los m\u00e1s vers\u00e1tiles, de mayor calidad del mercado y con precios competitivos.<\/p><p>El crecimiento de la empresa fue tan evidente, que para el a\u00f1o 2012 pudo ampliar su portafolio de productos para la miner\u00eda y obra civil, consolidando relaciones comerciales con proveedores de diferentes pa\u00edses de otros pa\u00edses.<\/p><p>JG REPRESENTACIONES S.A.S hoy en d\u00eda se muestra como una empresa s\u00f3lida en el suministro de productos y equipos en obra civil y miner\u00eda para Colombia.<\/p>\t\t\t\t\t\t<\/div>\n\t\t\t\t<\/div>\n\t\t\t\t\t<\/div>\n\t\t<\/div>\n\t\t\t\t\t\t\t<\/div>\n\t\t<\/section>\n\t\t\t\t\t\t\t<\/div>\n\t\t","protected":false},"excerpt":{"rendered":"<p>&#8211; NUESTRA HISTORIA &#8211; JG REPRESENTACIONES S.A.S, se fund\u00f3 en agosto del a\u00f1o 2007, con el prop\u00f3sito de ser una alternativa novedosa para la importaci\u00f3n de equipos e insumos para la miner\u00eda, la empresa nace bajo el planteamiento que en Colombia hab\u00eda una deficiencia marcada en proveedores para el suministro de rieles el cu\u00e1l fue [&hellip;]<\/p>\n","protected":false},"author":1,"featured_media":0,"parent":0,"menu_order":0,"comment_status":"closed","ping_status":"closed","template":"","meta":{"footnotes":""},"class_list":["post-44","page","type-page","status-publish","hentry","entry","owp-thumbs-layout-horizontal","owp-btn-normal","owp-tabs-layout-section","has-no-thumbnails","has-product-nav"],"_links":{"self":[{"href":"https:\/\/jgrepresentaciones.com.co\/home\/index.php\/wp-json\/wp\/v2\/pages\/44","targetHints":{"allow":["GET"]}}],"collection":[{"href":"https:\/\/jgrepresentaciones.com.co\/home\/index.php\/wp-json\/wp\/v2\/pages"}],"about":[{"href":"https:\/\/jgrepresentaciones.com.co\/home\/index.php\/wp-json\/wp\/v2\/types\/page"}],"author":[{"embeddable":true,"href":"https:\/\/jgrepresentaciones.com.co\/home\/index.php\/wp-json\/wp\/v2\/users\/1"}],"replies":[{"embeddable":true,"href":"https:\/\/jgrepresentaciones.com.co\/home\/index.php\/wp-json\/wp\/v2\/comments?post=44"}],"version-history":[{"count":20,"href":"https:\/\/jgrepresentaciones.com.co\/home\/index.php\/wp-json\/wp\/v2\/pages\/44\/revisions"}],"predecessor-version":[{"id":970,"href":"https:\/\/jgrepresentaciones.com.co\/home\/index.php\/wp-json\/wp\/v2\/pages\/44\/revisions\/970"}],"wp:attachment":[{"href":"https:\/\/jgrepresentaciones.com.co\/home\/index.php\/wp-json\/wp\/v2\/media?parent=44"}],"curies":[{"name":"wp","href":"https:\/\/api.w.org\/{rel}","templated":true}]}}