{"id":1148,"date":"2022-06-08T20:41:40","date_gmt":"2022-06-08T20:41:40","guid":{"rendered":"https:\/\/jgrepresentaciones.com.co\/home\/index.php\/producto\/barra-helicoidal-astm-a615-32mm\/"},"modified":"2022-06-08T21:07:27","modified_gmt":"2022-06-08T21:07:27","slug":"barra-helicoidal-astm-a615-32mm","status":"publish","type":"product","link":"https:\/\/jgrepresentaciones.com.co\/home\/index.php\/producto\/barra-helicoidal-astm-a615-32mm\/","title":{"rendered":"BARRA HELICOIDAL  ASTM A615"},"content":{"rendered":"<p>Di\u00e1metros nominales de 19 mm, 22 mm, 25 mm y 32 mm; y en longitudes de 9 y 12 metros. Tambi\u00e9n se entregan a pedido en otras longitudes.<\/p>\n","protected":false},"excerpt":{"rendered":"<p style=\"text-align: left;\"><strong>Descripci\u00f3n<\/strong><\/p>\n<p style=\"text-align: left;\">Barras laminadas en caliente con resaltes en forma de rosca helicoidal de amplio paso.<\/p>\n<p style=\"text-align: left;\"><strong>Denominaci\u00f3n<\/strong><\/p>\n<p style=\"text-align: left;\">BAHE A615-G75<\/p>\n<p style=\"text-align: left;\"><strong>Normas t\u00e9cnicas<\/strong><\/p>\n<p style=\"text-align: left;\">La Composici\u00f3n Qu\u00edmica y Propiedades Mec\u00e1nicas, seg\u00fan Norma ASTM A615 Grado 75.<\/p>\n<p style=\"text-align: left;\"><strong>Presentaci\u00f3n<\/strong><\/p>\n<p style=\"text-align: left;\">Se producen en los di\u00e1metros nominales de 19 mm, 22 mm, 25 mm y 32 mm; y en longitudes de 9 y 12 metros. Tambi\u00e9n se entregan a pedido en otras longitudes. Se suministran en paquetes de 1 tonelada.<\/p>\n<p style=\"text-align: left;\"><strong>Uso<\/strong><\/p>\n<p style=\"text-align: left;\">Permiten el control de las inestabilidades subterr\u00e1neas y superficiales, como elemento de refuerzo. Son aplicadas en proyectos mineros y civiles, por sus ventajas de dise\u00f1o y funcionalidad en el control de inestabilidades del macizo rocoso.<\/p>\n<p><img decoding=\"async\" src=\"https:\/\/jgrepresentaciones.com.co\/home\/wp-content\/uploads\/2022\/06\/TABLA-BARRA-HELICOIDAL.png\" \/><\/p>\n","protected":false},"featured_media":1391,"template":"","meta":[],"product_cat":[19],"product_tag":[],"class_list":{"0":"post-1148","1":"product","2":"type-product","3":"status-publish","4":"has-post-thumbnail","5":"hentry","6":"product_cat-pernos-fortificacion","8":"entry","9":"has-media","10":"owp-thumbs-layout-horizontal","11":"owp-btn-normal","12":"owp-tabs-layout-section","13":"has-no-thumbnails","14":"has-product-nav"},"_links":{"self":[{"href":"https:\/\/jgrepresentaciones.com.co\/home\/index.php\/wp-json\/wp\/v2\/product\/1148","targetHints":{"allow":["GET"]}}],"collection":[{"href":"https:\/\/jgrepresentaciones.com.co\/home\/index.php\/wp-json\/wp\/v2\/product"}],"about":[{"href":"https:\/\/jgrepresentaciones.com.co\/home\/index.php\/wp-json\/wp\/v2\/types\/product"}],"wp:featuredmedia":[{"embeddable":true,"href":"https:\/\/jgrepresentaciones.com.co\/home\/index.php\/wp-json\/wp\/v2\/media\/1391"}],"wp:attachment":[{"href":"https:\/\/jgrepresentaciones.com.co\/home\/index.php\/wp-json\/wp\/v2\/media?parent=1148"}],"wp:term":[{"taxonomy":"product_cat","embeddable":true,"href":"https:\/\/jgrepresentaciones.com.co\/home\/index.php\/wp-json\/wp\/v2\/product_cat?post=1148"},{"taxonomy":"product_tag","embeddable":true,"href":"https:\/\/jgrepresentaciones.com.co\/home\/index.php\/wp-json\/wp\/v2\/product_tag?post=1148"}],"curies":[{"name":"wp","href":"https:\/\/api.w.org\/{rel}","templated":true}]}}