{"id":1465,"date":"2022-06-09T16:46:44","date_gmt":"2022-06-09T21:46:44","guid":{"rendered":"https:\/\/jgrepresentaciones.com.co\/home\/?post_type=product&#038;p=1465"},"modified":"2022-06-10T10:27:36","modified_gmt":"2022-06-10T15:27:36","slug":"malla-eslabonada","status":"publish","type":"product","link":"https:\/\/jgrepresentaciones.com.co\/home\/index.php\/producto\/malla-eslabonada\/","title":{"rendered":"MALLA ESLABONADA"},"content":{"rendered":"","protected":false},"excerpt":{"rendered":"<p>Es un tejido de alambre entrecruzado tipo cadena, que se utiliza en cerramientos de espacios P\u00fablicos y propiedades privadas dado su r\u00e1pida instalaci\u00f3n. La malla eslabonada por lo general viene fabricada en alambre galvanizado con acabado brillante, aunque tambi\u00e9n se fabrica con recubrimiento en PVC. Este tipo de alambre ofrece mayor resistencia a la corrosi\u00f3n y permite tener una mayor resistencia f\u00edsica a la deformaci\u00f3n.<\/p>\n<p><img decoding=\"async\" src=\"https:\/\/jgrepresentaciones.com.co\/home\/wp-content\/uploads\/2022\/06\/MALLA-ELECTROSOLDADA.png\" \/><\/p>\n","protected":false},"featured_media":1527,"template":"","meta":[],"product_cat":[28],"product_tag":[],"class_list":{"0":"post-1465","1":"product","2":"type-product","3":"status-publish","4":"has-post-thumbnail","5":"hentry","6":"product_cat-mallas","8":"entry","9":"has-media","10":"owp-thumbs-layout-horizontal","11":"owp-btn-normal","12":"owp-tabs-layout-section","13":"has-product-nav"},"_links":{"self":[{"href":"https:\/\/jgrepresentaciones.com.co\/home\/index.php\/wp-json\/wp\/v2\/product\/1465","targetHints":{"allow":["GET"]}}],"collection":[{"href":"https:\/\/jgrepresentaciones.com.co\/home\/index.php\/wp-json\/wp\/v2\/product"}],"about":[{"href":"https:\/\/jgrepresentaciones.com.co\/home\/index.php\/wp-json\/wp\/v2\/types\/product"}],"wp:featuredmedia":[{"embeddable":true,"href":"https:\/\/jgrepresentaciones.com.co\/home\/index.php\/wp-json\/wp\/v2\/media\/1527"}],"wp:attachment":[{"href":"https:\/\/jgrepresentaciones.com.co\/home\/index.php\/wp-json\/wp\/v2\/media?parent=1465"}],"wp:term":[{"taxonomy":"product_cat","embeddable":true,"href":"https:\/\/jgrepresentaciones.com.co\/home\/index.php\/wp-json\/wp\/v2\/product_cat?post=1465"},{"taxonomy":"product_tag","embeddable":true,"href":"https:\/\/jgrepresentaciones.com.co\/home\/index.php\/wp-json\/wp\/v2\/product_tag?post=1465"}],"curies":[{"name":"wp","href":"https:\/\/api.w.org\/{rel}","templated":true}]}}