{"id":1476,"date":"2022-06-10T08:34:28","date_gmt":"2022-06-10T13:34:28","guid":{"rendered":"https:\/\/jgrepresentaciones.com.co\/home\/?post_type=product&#038;p=1476"},"modified":"2022-06-10T08:34:29","modified_gmt":"2022-06-10T13:34:29","slug":"placa-de-sujecion","status":"publish","type":"product","link":"https:\/\/jgrepresentaciones.com.co\/home\/index.php\/producto\/placa-de-sujecion\/","title":{"rendered":"PLACA DE SUJECI\u00d3N"},"content":{"rendered":"","protected":false},"excerpt":{"rendered":"<p>Placa de acero estructural perforada, por la cual se desplaza la Barra Helicoidal\u00ae.<br \/>\n<strong>USOS<\/strong><br \/>\nAct\u00faa como base para el posicionamiento de la Tuerca de Fijaci\u00f3n, permaneciendo en contacto con el macizo rocoso una vez est\u00e9 instalado el<br \/>\nanclaje de Barra Helicoidal.<br \/>\n<strong>NORMAS T\u00c9CNICAS<\/strong><br \/>\nASTM A36\/A36M.<br \/>\n<strong>PRESENTACI\u00d3N<\/strong><br \/>\nDise\u00f1o Normal.- Placa de sujeci\u00f3n con domo semiesf\u00e9rico.<br \/>\nDise\u00f1o Volc\u00e1n.- Placa de sujeci\u00f3n con domo de forma de volc\u00e1n.<br \/>\nSe comercializa en los di\u00e1metros nominales, respecto a la Barra Helicoidal de 19mm, 22mm, 25mm y 32mm.<\/p>\n<p><img decoding=\"async\" src=\"https:\/\/jgrepresentaciones.com.co\/home\/wp-content\/uploads\/2022\/06\/PLACA-DE-FIJACION.png\" \/><\/p>\n","protected":false},"featured_media":1477,"template":"","meta":[],"product_cat":[19],"product_tag":[],"class_list":{"0":"post-1476","1":"product","2":"type-product","3":"status-publish","4":"has-post-thumbnail","5":"hentry","6":"product_cat-pernos-fortificacion","8":"entry","9":"has-media","10":"owp-thumbs-layout-horizontal","11":"owp-btn-normal","12":"owp-tabs-layout-section","13":"has-no-thumbnails","14":"has-product-nav"},"_links":{"self":[{"href":"https:\/\/jgrepresentaciones.com.co\/home\/index.php\/wp-json\/wp\/v2\/product\/1476","targetHints":{"allow":["GET"]}}],"collection":[{"href":"https:\/\/jgrepresentaciones.com.co\/home\/index.php\/wp-json\/wp\/v2\/product"}],"about":[{"href":"https:\/\/jgrepresentaciones.com.co\/home\/index.php\/wp-json\/wp\/v2\/types\/product"}],"wp:featuredmedia":[{"embeddable":true,"href":"https:\/\/jgrepresentaciones.com.co\/home\/index.php\/wp-json\/wp\/v2\/media\/1477"}],"wp:attachment":[{"href":"https:\/\/jgrepresentaciones.com.co\/home\/index.php\/wp-json\/wp\/v2\/media?parent=1476"}],"wp:term":[{"taxonomy":"product_cat","embeddable":true,"href":"https:\/\/jgrepresentaciones.com.co\/home\/index.php\/wp-json\/wp\/v2\/product_cat?post=1476"},{"taxonomy":"product_tag","embeddable":true,"href":"https:\/\/jgrepresentaciones.com.co\/home\/index.php\/wp-json\/wp\/v2\/product_tag?post=1476"}],"curies":[{"name":"wp","href":"https:\/\/api.w.org\/{rel}","templated":true}]}}