{"id":1481,"date":"2022-06-10T08:52:58","date_gmt":"2022-06-10T13:52:58","guid":{"rendered":"https:\/\/jgrepresentaciones.com.co\/home\/?post_type=product&#038;p=1481"},"modified":"2022-06-10T08:52:59","modified_gmt":"2022-06-10T13:52:59","slug":"arco-metalico-en-perfil-thn","status":"publish","type":"product","link":"https:\/\/jgrepresentaciones.com.co\/home\/index.php\/producto\/arco-metalico-en-perfil-thn\/","title":{"rendered":"ARCO MET\u00c1LICO EN PERFIL THN"},"content":{"rendered":"<p>Mayor rapidez de colocaci\u00f3n, debido a su menor peso y a la uni\u00f3n de las barras con solapes. Actualmente es muy usado en el sostenimiento primario de t\u00faneles, combinados con el hormig\u00f3n proyectado (NATM), ya que combinados con el hormig\u00f3n proyectado aportan una buena capacidad de carga inicial al sostenimiento y colaboran con este despu\u00e9s. Se adaptan mejor al hueco de la excavaci\u00f3n debido a su solape variable en las uniones con una mejor puesta en carga.<\/p>\n<p>&nbsp;<\/p>\n","protected":false},"excerpt":{"rendered":"<p>Las cerchas fabricadas en perfil TH permiten convergencias iniciales en las galer\u00edas sin deformarse y evitan<br \/>\nel agotamiento del perfil al tener uniones deslizantes.<\/p>\n<p><strong>Entre las principales ventajas de las cerchas met\u00e1licas en perfil TH, podemos citar<\/strong><br \/>\nGran resistencia tanto a los esfuerzos transversales como longitudinales, siendo la relaci\u00f3n Wxx\/Wyy = 1.<br \/>\nPermiten una mayor convergencia de la secci\u00f3n de la galer\u00eda.<br \/>\nMontaje simple y r\u00e1pido.<br \/>\nMejor adaptabilidad a la secci\u00f3n excavada, al poder variar los solapes.<\/p>\n<p><img decoding=\"async\" class=\"aligncenter\" src=\"https:\/\/jgrepresentaciones.com.co\/home\/wp-content\/uploads\/2022\/06\/ARCO-PLANO.png\" \/><\/p>\n<p><img decoding=\"async\" class=\"aligncenter\" src=\"https:\/\/jgrepresentaciones.com.co\/home\/wp-content\/uploads\/2022\/06\/ARCOS-DE-ENTIBACION.png\" \/><\/p>\n","protected":false},"featured_media":1484,"template":"","meta":[],"product_cat":[21],"product_tag":[],"class_list":{"0":"post-1481","1":"product","2":"type-product","3":"status-publish","4":"has-post-thumbnail","5":"hentry","6":"product_cat-arcos-de-entibacion-y-enfilajes","8":"entry","9":"has-media","10":"owp-thumbs-layout-horizontal","11":"owp-btn-normal","12":"owp-tabs-layout-section","13":"has-product-nav"},"_links":{"self":[{"href":"https:\/\/jgrepresentaciones.com.co\/home\/index.php\/wp-json\/wp\/v2\/product\/1481","targetHints":{"allow":["GET"]}}],"collection":[{"href":"https:\/\/jgrepresentaciones.com.co\/home\/index.php\/wp-json\/wp\/v2\/product"}],"about":[{"href":"https:\/\/jgrepresentaciones.com.co\/home\/index.php\/wp-json\/wp\/v2\/types\/product"}],"wp:featuredmedia":[{"embeddable":true,"href":"https:\/\/jgrepresentaciones.com.co\/home\/index.php\/wp-json\/wp\/v2\/media\/1484"}],"wp:attachment":[{"href":"https:\/\/jgrepresentaciones.com.co\/home\/index.php\/wp-json\/wp\/v2\/media?parent=1481"}],"wp:term":[{"taxonomy":"product_cat","embeddable":true,"href":"https:\/\/jgrepresentaciones.com.co\/home\/index.php\/wp-json\/wp\/v2\/product_cat?post=1481"},{"taxonomy":"product_tag","embeddable":true,"href":"https:\/\/jgrepresentaciones.com.co\/home\/index.php\/wp-json\/wp\/v2\/product_tag?post=1481"}],"curies":[{"name":"wp","href":"https:\/\/api.w.org\/{rel}","templated":true}]}}