{"id":1488,"date":"2022-06-10T09:03:51","date_gmt":"2022-06-10T14:03:51","guid":{"rendered":"https:\/\/jgrepresentaciones.com.co\/home\/?post_type=product&#038;p=1488"},"modified":"2022-06-10T09:04:48","modified_gmt":"2022-06-10T14:04:48","slug":"arco-metalico-en-perfil-ipe-ipn","status":"publish","type":"product","link":"https:\/\/jgrepresentaciones.com.co\/home\/index.php\/producto\/arco-metalico-en-perfil-ipe-ipn\/","title":{"rendered":"ARCO MET\u00c1LICO EN PERFIL IPE\/IPN"},"content":{"rendered":"","protected":false},"excerpt":{"rendered":"<p>Son m\u00e1s indicadas para esfuerzos de componente \u00fanicamente vertical (M\u00f3dulo resistente\u00a0<b>Wxx<\/b>\u00a0m\u00e1s elevado), necesitan m\u00e1s rigidizadores entre ellas para evitar deformaciones laterales.<\/p>\n<p>&nbsp;<\/p>\n<p>&nbsp;<\/p>\n","protected":false},"featured_media":1489,"template":"","meta":[],"product_cat":[21],"product_tag":[],"class_list":{"0":"post-1488","1":"product","2":"type-product","3":"status-publish","4":"has-post-thumbnail","5":"hentry","6":"product_cat-arcos-de-entibacion-y-enfilajes","8":"entry","9":"has-media","10":"owp-thumbs-layout-horizontal","11":"owp-btn-normal","12":"owp-tabs-layout-section","13":"has-no-thumbnails","14":"has-product-nav"},"_links":{"self":[{"href":"https:\/\/jgrepresentaciones.com.co\/home\/index.php\/wp-json\/wp\/v2\/product\/1488","targetHints":{"allow":["GET"]}}],"collection":[{"href":"https:\/\/jgrepresentaciones.com.co\/home\/index.php\/wp-json\/wp\/v2\/product"}],"about":[{"href":"https:\/\/jgrepresentaciones.com.co\/home\/index.php\/wp-json\/wp\/v2\/types\/product"}],"wp:featuredmedia":[{"embeddable":true,"href":"https:\/\/jgrepresentaciones.com.co\/home\/index.php\/wp-json\/wp\/v2\/media\/1489"}],"wp:attachment":[{"href":"https:\/\/jgrepresentaciones.com.co\/home\/index.php\/wp-json\/wp\/v2\/media?parent=1488"}],"wp:term":[{"taxonomy":"product_cat","embeddable":true,"href":"https:\/\/jgrepresentaciones.com.co\/home\/index.php\/wp-json\/wp\/v2\/product_cat?post=1488"},{"taxonomy":"product_tag","embeddable":true,"href":"https:\/\/jgrepresentaciones.com.co\/home\/index.php\/wp-json\/wp\/v2\/product_tag?post=1488"}],"curies":[{"name":"wp","href":"https:\/\/api.w.org\/{rel}","templated":true}]}}